{"id":87,"date":"2024-06-14T11:56:11","date_gmt":"2024-06-14T09:56:11","guid":{"rendered":"https:\/\/www.opasipass.com\/?page_id=87"},"modified":"2026-01-22T11:54:51","modified_gmt":"2026-01-22T10:54:51","slug":"openingstijden","status":"publish","type":"page","link":"https:\/\/www.opasipass.com\/nl\/oeffnungszeiten\/","title":{"rendered":"Openingstijden van de kathedraal van Siena"},"content":{"rendered":"<p>Dit zijn de openingstijden in 2026 voor de kathedraal van Siena, de marmeren vloer en de Hemelpoorten:<\/p>\n\n\n\n<h4 class=\"wp-block-heading\"><strong>Kathedraal<\/strong><\/h4>\n\n\n\n<ul class=\"wp-block-list\">\n<li><strong>7 januari tot 31 maart:<\/strong> 10:30 - 17:30 (zon- en feestdagen: 13:30 - 17:30)<\/li>\n\n\n\n<li><strong>1 april tot 31 oktober:<\/strong> 10:00 - 19:00 (zon- en feestdagen: 13:30 - 18:00)<\/li>\n\n\n\n<li><strong>1 november tot 24 december:<\/strong> 10:30 - 17:30 (zon- en feestdagen: 13:30 - 17:30)<\/li>\n\n\n\n<li><strong>26 december tot 6 januari:<\/strong> 10:00 - 19:00 (zon- en feestdagen: 13:30 - 17:30)<\/li>\n<\/ul>\n\n\n\n<h4 class=\"wp-block-heading\"><strong>Marmeren vloer<\/strong><\/h4>\n\n\n\n<ul class=\"wp-block-list\">\n<li><strong>Open van 27 juni tot 31 juli:<\/strong> 10:00 - 19:00 (zon- en feestdagen: 09:30 - 18:00)<\/li>\n\n\n\n<li><strong>Open van 18 augustus tot 15 oktober:<\/strong> 10:00 - 19:00 (zon- en feestdagen: 09:30 - 18:00)<\/li>\n<\/ul>\n\n\n\n<h4 class=\"wp-block-heading\"><strong>Hemelpoort<\/strong><\/h4>\n\n\n\n<ul class=\"wp-block-list\">\n<li><strong>1 maart tot 6 januari:<\/strong> Zelfde openingstijden als de kathedraal<\/li>\n<\/ul>\n\n\n\n<p>De laatste toegang is 30 minuten voor sluitingstijd.<\/p>\n\n\n\n<p><a href=\"https:\/\/operaduomo.siena.it\/en\/visiting\/\" target=\"_blank\" rel=\"noopener\" title=\"\">Actuele informatie is hier te vinden.<\/a><\/p>","protected":false},"excerpt":{"rendered":"<p>Das sind die \u00d6ffnungszeiten im Jahr 2026 f\u00fcr die Kathedrale von Siena, den Marmorfu\u00dfboden und die Himmelspforte: Kathedrale Marmorfu\u00dfboden Himmelspforte Der letzte Einlass ist 30 Minuten vor der Schlie\u00dfung m\u00f6glich. Aktuelle Informationen finden Sie hier.<\/p>","protected":false},"author":1,"featured_media":0,"parent":0,"menu_order":0,"comment_status":"closed","ping_status":"closed","template":"","meta":{"footnotes":""},"class_list":["post-87","page","type-page","status-publish"],"aioseo_notices":[],"_links":{"self":[{"href":"https:\/\/www.opasipass.com\/nl\/wp-json\/wp\/v2\/pages\/87","targetHints":{"allow":["GET"]}}],"collection":[{"href":"https:\/\/www.opasipass.com\/nl\/wp-json\/wp\/v2\/pages"}],"about":[{"href":"https:\/\/www.opasipass.com\/nl\/wp-json\/wp\/v2\/types\/page"}],"author":[{"embeddable":true,"href":"https:\/\/www.opasipass.com\/nl\/wp-json\/wp\/v2\/users\/1"}],"replies":[{"embeddable":true,"href":"https:\/\/www.opasipass.com\/nl\/wp-json\/wp\/v2\/comments?post=87"}],"version-history":[{"count":6,"href":"https:\/\/www.opasipass.com\/nl\/wp-json\/wp\/v2\/pages\/87\/revisions"}],"predecessor-version":[{"id":257,"href":"https:\/\/www.opasipass.com\/nl\/wp-json\/wp\/v2\/pages\/87\/revisions\/257"}],"wp:attachment":[{"href":"https:\/\/www.opasipass.com\/nl\/wp-json\/wp\/v2\/media?parent=87"}],"curies":[{"name":"wp","href":"https:\/\/api.w.org\/{rel}","templated":true}]}}