{"id":129,"date":"2024-08-16T10:30:29","date_gmt":"2024-08-16T08:30:29","guid":{"rendered":"https:\/\/www.opasipass.com\/?page_id=129"},"modified":"2026-03-10T08:39:25","modified_gmt":"2026-03-10T07:39:25","slug":"san-gimignano-pas","status":"publish","type":"page","link":"https:\/\/www.opasipass.com\/nl\/san-gimignano-pass\/","title":{"rendered":"San Gimignano pas"},"content":{"rendered":"<style>.kb-row-layout-wrap.wp-block-kadence-rowlayout.kb-row-layout-id129_592049-04{margin-bottom:0px;}.kb-row-layout-id129_592049-04 > .kt-row-column-wrap{align-content:start;}:where(.kb-row-layout-id129_592049-04 > .kt-row-column-wrap) > .wp-block-kadence-column{justify-content:start;}.kb-row-layout-id129_592049-04 > .kt-row-column-wrap{column-gap:var(--global-kb-gap-md, 2rem);row-gap:var(--global-kb-gap-md, 2rem);padding-top:var(--global-kb-spacing-sm, 1.5rem);padding-bottom:var(--global-kb-spacing-sm, 1.5rem);grid-template-columns:minmax(0, 1fr) minmax(0, 2fr);}.kb-row-layout-id129_592049-04 > .kt-row-layout-overlay{opacity:0.30;}@media all and (max-width: 1024px){.kb-row-layout-id129_592049-04 > .kt-row-column-wrap{grid-template-columns:minmax(0, 1fr) minmax(0, 2fr);}}@media all and (max-width: 767px){.kb-row-layout-id129_592049-04 > .kt-row-column-wrap{grid-template-columns:minmax(0, 1fr);}}<\/style><div class=\"kb-row-layout-wrap kb-row-layout-id129_592049-04 alignnone wp-block-kadence-rowlayout\"><div class=\"kt-row-column-wrap kt-has-2-columns kt-row-layout-right-golden kt-tab-layout-inherit kt-mobile-layout-row kt-row-valign-top\">\n<style>.kadence-column129_222147-f2 > .kt-inside-inner-col,.kadence-column129_222147-f2 > .kt-inside-inner-col:before{border-top-left-radius:0px;border-top-right-radius:0px;border-bottom-right-radius:0px;border-bottom-left-radius:0px;}.kadence-column129_222147-f2 > .kt-inside-inner-col{column-gap:var(--global-kb-gap-sm, 1rem);}.kadence-column129_222147-f2 > .kt-inside-inner-col{flex-direction:column;}.kadence-column129_222147-f2 > .kt-inside-inner-col > .aligncenter{width:100%;}.kadence-column129_222147-f2 > .kt-inside-inner-col:before{opacity:0.3;}.kadence-column129_222147-f2{position:relative;}@media all and (max-width: 1024px){.kadence-column129_222147-f2 > .kt-inside-inner-col{flex-direction:column;justify-content:center;}}@media all and (max-width: 767px){.kadence-column129_222147-f2 > .kt-inside-inner-col{flex-direction:column;justify-content:center;}}<\/style>\n<div class=\"wp-block-kadence-column kadence-column129_222147-f2\"><div class=\"kt-inside-inner-col\">\n<figure class=\"wp-block-image size-full\"><img loading=\"lazy\" decoding=\"async\" width=\"350\" height=\"375\" src=\"https:\/\/www.opasipass.com\/wp-content\/uploads\/2024\/08\/san-gimignano.jpg\" alt=\"\" class=\"wp-image-131\" srcset=\"https:\/\/www.opasipass.com\/wp-content\/uploads\/2024\/08\/san-gimignano.jpg 350w, https:\/\/www.opasipass.com\/wp-content\/uploads\/2024\/08\/san-gimignano-280x300.jpg 280w, https:\/\/www.opasipass.com\/wp-content\/uploads\/2024\/08\/san-gimignano-11x12.jpg 11w\" sizes=\"auto, (max-width: 350px) 100vw, 350px\" \/><\/figure>\n<\/div><\/div>\n\n\n<style>.kadence-column129_23f098-84 > .kt-inside-inner-col,.kadence-column129_23f098-84 > .kt-inside-inner-col:before{border-top-left-radius:0px;border-top-right-radius:0px;border-bottom-right-radius:0px;border-bottom-left-radius:0px;}.kadence-column129_23f098-84 > .kt-inside-inner-col{column-gap:var(--global-kb-gap-sm, 1rem);}.kadence-column129_23f098-84 > .kt-inside-inner-col{flex-direction:column;}.kadence-column129_23f098-84 > .kt-inside-inner-col > .aligncenter{width:100%;}.kadence-column129_23f098-84 > .kt-inside-inner-col:before{opacity:0.3;}.kadence-column129_23f098-84{position:relative;}@media all and (max-width: 1024px){.kadence-column129_23f098-84 > .kt-inside-inner-col{flex-direction:column;justify-content:center;}}@media all and (max-width: 767px){.kadence-column129_23f098-84 > .kt-inside-inner-col{flex-direction:column;justify-content:center;}}<\/style>\n<div class=\"wp-block-kadence-column kadence-column129_23f098-84\"><div class=\"kt-inside-inner-col\">\n<p>De offici\u00eble San Gimignano Museumpas is een toegangskaart voor de kathedraal en alle gemeentelijke musea in San Gimignano.<\/p>\n\n\n<style>.wp-block-kadence-iconlist.kt-svg-icon-list-items129_0d66bb-fc:not(.this-stops-third-party-issues){margin-top:0px;margin-bottom:0px;}.wp-block-kadence-iconlist.kt-svg-icon-list-items129_0d66bb-fc ul.kt-svg-icon-list:not(.this-prevents-issues):not(.this-stops-third-party-issues):not(.tijsloc){margin-top:0px;margin-right:0px;margin-bottom:var(--global-kb-spacing-sm, 1.5rem);margin-left:0px;}.wp-block-kadence-iconlist.kt-svg-icon-list-items129_0d66bb-fc ul.kt-svg-icon-list{grid-row-gap:5px;}.wp-block-kadence-iconlist.kt-svg-icon-list-items129_0d66bb-fc ul.kt-svg-icon-list .kt-svg-icon-list-item-wrap .kt-svg-icon-list-single{margin-right:10px;}.kt-svg-icon-list-items129_0d66bb-fc ul.kt-svg-icon-list .kt-svg-icon-list-level-0 .kt-svg-icon-list-single svg{font-size:20px;}<\/style>\n<div class=\"wp-block-kadence-iconlist kt-svg-icon-list-items kt-svg-icon-list-items129_0d66bb-fc kt-svg-icon-list-columns-1 alignnone\"><ul class=\"kt-svg-icon-list\"><style>.kt-svg-icon-list-item-129_f6b9a7-0c .kt-svg-icon-list-text mark.kt-highlight{background-color:unset;font-style:normal;color:#f76a0c;-webkit-box-decoration-break:clone;box-decoration-break:clone;padding-top:0px;padding-right:0px;padding-bottom:0px;padding-left:0px;}<\/style>\n<li class=\"wp-block-kadence-listitem kt-svg-icon-list-item-wrap kt-svg-icon-list-item-129_f6b9a7-0c\"><span class=\"kb-svg-icon-wrap kb-svg-icon-fe_checkCircle kt-svg-icon-list-single\"><svg viewbox=\"0 0 24 24\"  fill=\"none\" stroke=\"currentColor\" stroke-width=\"2\" stroke-linecap=\"round\" stroke-linejoin=\"round\" xmlns=\"http:\/\/www.w3.org\/2000\/svg\"  aria-hidden=\"true\"><path d=\"M22 11.08V12a10 10 0 1 1-5.93-9.14\"\/><polyline points=\"22 4 12 14.01 9 11.01\"\/><\/svg><\/span><span class=\"kt-svg-icon-list-text\">Toegang tot de kathedraal en het Museum van Heilige Kunst<\/span><\/li>\n\n\n<style>.kt-svg-icon-list-item-129_fb7fb9-f4 .kt-svg-icon-list-text mark.kt-highlight{background-color:unset;font-style:normal;color:#f76a0c;-webkit-box-decoration-break:clone;box-decoration-break:clone;padding-top:0px;padding-right:0px;padding-bottom:0px;padding-left:0px;}<\/style>\n<li class=\"wp-block-kadence-listitem kt-svg-icon-list-item-wrap kt-svg-icon-list-item-129_fb7fb9-f4\"><span class=\"kb-svg-icon-wrap kb-svg-icon-fe_checkCircle kt-svg-icon-list-single\"><svg viewbox=\"0 0 24 24\"  fill=\"none\" stroke=\"currentColor\" stroke-width=\"2\" stroke-linecap=\"round\" stroke-linejoin=\"round\" xmlns=\"http:\/\/www.w3.org\/2000\/svg\"  aria-hidden=\"true\"><path d=\"M22 11.08V12a10 10 0 1 1-5.93-9.14\"\/><polyline points=\"22 4 12 14.01 9 11.01\"\/><\/svg><\/span><span class=\"kt-svg-icon-list-text\">Toegang tot alle stadsmusea (Palazzo Comunale, Pinacoteca, Torre Grossa, Archeologisch Museum, Spezieria di Santa Fina, Galerij van Moderne en Hedendaagse Kunst)<\/span><\/li>\n\n\n<style>.kt-svg-icon-list-item-129_6aae00-1c .kt-svg-icon-list-text mark.kt-highlight{background-color:unset;font-style:normal;color:#f76a0c;-webkit-box-decoration-break:clone;box-decoration-break:clone;padding-top:0px;padding-right:0px;padding-bottom:0px;padding-left:0px;}<\/style>\n<li class=\"wp-block-kadence-listitem kt-svg-icon-list-item-wrap kt-svg-icon-list-item-129_6aae00-1c\"><span class=\"kb-svg-icon-wrap kb-svg-icon-fe_checkCircle kt-svg-icon-list-single\"><svg viewbox=\"0 0 24 24\"  fill=\"none\" stroke=\"currentColor\" stroke-width=\"2\" stroke-linecap=\"round\" stroke-linejoin=\"round\" xmlns=\"http:\/\/www.w3.org\/2000\/svg\"  aria-hidden=\"true\"><path d=\"M22 11.08V12a10 10 0 1 1-5.93-9.14\"\/><polyline points=\"22 4 12 14.01 9 11.01\"\/><\/svg><\/span><span class=\"kt-svg-icon-list-text\">Toegang tot de kerk van San Lorenzo in Ponte<\/span><\/li>\n\n\n<style>.kt-svg-icon-list-item-129_900bd2-80 .kt-svg-icon-list-text mark.kt-highlight{background-color:unset;font-style:normal;color:#f76a0c;-webkit-box-decoration-break:clone;box-decoration-break:clone;padding-top:0px;padding-right:0px;padding-bottom:0px;padding-left:0px;}<\/style>\n<li class=\"wp-block-kadence-listitem kt-svg-icon-list-item-wrap kt-svg-icon-list-item-129_900bd2-80\"><span class=\"kb-svg-icon-wrap kb-svg-icon-fe_checkCircle kt-svg-icon-list-single\"><svg viewbox=\"0 0 24 24\"  fill=\"none\" stroke=\"currentColor\" stroke-width=\"2\" stroke-linecap=\"round\" stroke-linejoin=\"round\" xmlns=\"http:\/\/www.w3.org\/2000\/svg\"  aria-hidden=\"true\"><path d=\"M22 11.08V12a10 10 0 1 1-5.93-9.14\"\/><polyline points=\"22 4 12 14.01 9 11.01\"\/><\/svg><\/span><span class=\"kt-svg-icon-list-text\">Geldigheidsperiode: 2 dagen<\/span><\/li>\n\n\n<style>.kt-svg-icon-list-item-129_6de82a-43 .kt-svg-icon-list-text mark.kt-highlight{background-color:unset;font-style:normal;color:#f76a0c;-webkit-box-decoration-break:clone;box-decoration-break:clone;padding-top:0px;padding-right:0px;padding-bottom:0px;padding-left:0px;}<\/style>\n<li class=\"wp-block-kadence-listitem kt-svg-icon-list-item-wrap kt-svg-icon-list-item-129_6de82a-43\"><span class=\"kb-svg-icon-wrap kb-svg-icon-fe_checkCircle kt-svg-icon-list-single\"><svg viewbox=\"0 0 24 24\"  fill=\"none\" stroke=\"currentColor\" stroke-width=\"2\" stroke-linecap=\"round\" stroke-linejoin=\"round\" xmlns=\"http:\/\/www.w3.org\/2000\/svg\"  aria-hidden=\"true\"><path d=\"M22 11.08V12a10 10 0 1 1-5.93-9.14\"\/><polyline points=\"22 4 12 14.01 9 11.01\"\/><\/svg><\/span><span class=\"kt-svg-icon-list-text\">Digitaal ticket kan bij elk loket worden ingewisseld<\/span><\/li>\n<\/ul><\/div>\n\n\n<p><strong>Waardering van klanten:<\/strong> 4,5 (1423 Reviews)<\/p>\n\n\n<p><strong>Prijs:<\/strong> 14,75 EUR<\/p>\n\n\n<style>.wp-block-kadence-advancedbtn.kb-btns129_9766af-44{gap:var(--global-kb-gap-xs, 0.5rem );justify-content:flex-start;align-items:center;}.kt-btns129_9766af-44 .kt-button{font-weight:normal;font-style:normal;}.kt-btns129_9766af-44 .kt-btn-wrap-0{margin-right:5px;}.wp-block-kadence-advancedbtn.kt-btns129_9766af-44 .kt-btn-wrap-0 .kt-button{color:#555555;border-color:#555555;}.wp-block-kadence-advancedbtn.kt-btns129_9766af-44 .kt-btn-wrap-0 .kt-button:hover, .wp-block-kadence-advancedbtn.kt-btns129_9766af-44 .kt-btn-wrap-0 .kt-button:focus{color:#ffffff;border-color:#444444;}.wp-block-kadence-advancedbtn.kt-btns129_9766af-44 .kt-btn-wrap-0 .kt-button::before{display:none;}.wp-block-kadence-advancedbtn.kt-btns129_9766af-44 .kt-btn-wrap-0 .kt-button:hover, .wp-block-kadence-advancedbtn.kt-btns129_9766af-44 .kt-btn-wrap-0 .kt-button:focus{background:#444444;}<\/style>\n<div class=\"wp-block-kadence-advancedbtn kb-buttons-wrap kb-btns129_9766af-44\"><style>ul.menu .wp-block-kadence-advancedbtn .kb-btn129_5c957f-8d.kb-button{width:initial;}.wp-block-kadence-advancedbtn .kb-btn129_5c957f-8d.kb-button{color:var(--base-3);background:#282827;box-shadow:2px 2px 2px 2px var(--contrast-3);}.wp-block-kadence-advancedbtn .kb-btn129_5c957f-8d.kb-button:hover, .wp-block-kadence-advancedbtn .kb-btn129_5c957f-8d.kb-button:focus{color:var(--base-3);background:#282827;}<\/style><a class=\"kb-button kt-button button kb-btn129_5c957f-8d kt-btn-size-large kt-btn-width-type-auto kb-btn-global-fill  kt-btn-has-text-true kt-btn-has-svg-true  wp-block-kadence-singlebtn\" href=\"https:\/\/www.headout.com\/r\/hop-on-hop-off-busrecommends-CiZLE\/\" target=\"_blank\" rel=\"noreferrer noopener nofollow sponsored\"><span class=\"kb-svg-icon-wrap kb-svg-icon-fe_shoppingCart kt-btn-icon-side-left\"><svg viewbox=\"0 0 24 24\"  fill=\"none\" stroke=\"currentColor\" stroke-width=\"2\" stroke-linecap=\"round\" stroke-linejoin=\"round\" xmlns=\"http:\/\/www.w3.org\/2000\/svg\"  aria-hidden=\"true\"><circle cx=\"9\" cy=\"21\" r=\"1\"\/><circle cx=\"20\" cy=\"21\" r=\"1\"\/><path d=\"M1 1h4l2.68 13.39a2 2 0 0 0 2 1.61h9.72a2 2 0 0 0 2-1.61L23 6H6\"\/><\/svg><\/span><span class=\"kt-btn-inner-text\">Koop een San Gimignano Pas<\/span><\/a><\/div>\n<\/div><\/div>\n\n<\/div><\/div>\n\n\n<div style=\"height:20px\" aria-hidden=\"true\" class=\"wp-block-spacer\"><\/div>\n\n\n<style>.wp-block-kadence-spacer.kt-block-spacer-129_6a2a1c-2f .kt-block-spacer{height:70px;}.wp-block-kadence-spacer.kt-block-spacer-129_6a2a1c-2f .kt-divider{border-top-width:2px;border-top-color:#eee;width:70%;border-top-style:solid;}<\/style>\n<div class=\"wp-block-kadence-spacer aligncenter kt-block-spacer-129_6a2a1c-2f\"><div class=\"kt-block-spacer kt-block-spacer-halign-center\"><hr class=\"kt-divider\"\/><\/div><\/div>\n\n\n\n<h2 class=\"wp-block-heading\" id=\"advantage\">Alle voordelen op een rij<\/h2>\n\n\n\n<div class=\"wp-block-columns is-layout-flex wp-container-core-columns-is-layout-9d6595d7 wp-block-columns-is-layout-flex\">\n<div class=\"wp-block-column is-layout-flow wp-block-column-is-layout-flow\" style=\"flex-basis:66.66%\">\n<p>Er zijn verschillende argumenten die pleiten voor de San Gimignano Pass:<\/p>\n\n\n\n<ul class=\"wp-block-list\">\n<li>Gratis toegang tot de kathedraal van San Gimignano.<\/li>\n\n\n\n<li>Gratis toegang tot musea, de Torre Grassa en de kerk van San Lorenzo.<\/li>\n\n\n\n<li>Het ticket is twee dagen geldig. <\/li>\n\n\n\n<li>Je ticket is al betaald voordat je vertrekt.<\/li>\n\n\n\n<li>Laat je digitale ticket zien bij een van de deelnemende musea om je toegangsbewijs te ontvangen.<\/li>\n\n\n\n<li>Gratis annuleren tot 24 uur voor vertrek (bij boeking via Headout).<\/li>\n<\/ul>\n<\/div>\n\n\n\n<div class=\"wp-block-column is-layout-flow wp-block-column-is-layout-flow\" style=\"flex-basis:33.33%\">\n<figure class=\"wp-block-image size-full\"><img loading=\"lazy\" decoding=\"async\" width=\"350\" height=\"375\" src=\"https:\/\/www.opasipass.com\/wp-content\/uploads\/2024\/08\/san-gimignano.jpg\" alt=\"\" class=\"wp-image-131\" srcset=\"https:\/\/www.opasipass.com\/wp-content\/uploads\/2024\/08\/san-gimignano.jpg 350w, https:\/\/www.opasipass.com\/wp-content\/uploads\/2024\/08\/san-gimignano-280x300.jpg 280w, https:\/\/www.opasipass.com\/wp-content\/uploads\/2024\/08\/san-gimignano-11x12.jpg 11w\" sizes=\"auto, (max-width: 350px) 100vw, 350px\" \/><\/figure>\n<\/div>\n<\/div>\n\n\n<style>.wp-block-kadence-advancedbtn.kb-btns129_8295ef-cd{gap:var(--global-kb-gap-xs, 0.5rem );justify-content:center;align-items:center;}.kt-btns129_8295ef-cd .kt-button{font-weight:normal;font-style:normal;}.kt-btns129_8295ef-cd .kt-btn-wrap-0{margin-right:5px;}.wp-block-kadence-advancedbtn.kt-btns129_8295ef-cd .kt-btn-wrap-0 .kt-button{color:#555555;border-color:#555555;}.wp-block-kadence-advancedbtn.kt-btns129_8295ef-cd .kt-btn-wrap-0 .kt-button:hover, .wp-block-kadence-advancedbtn.kt-btns129_8295ef-cd .kt-btn-wrap-0 .kt-button:focus{color:#ffffff;border-color:#444444;}.wp-block-kadence-advancedbtn.kt-btns129_8295ef-cd .kt-btn-wrap-0 .kt-button::before{display:none;}.wp-block-kadence-advancedbtn.kt-btns129_8295ef-cd .kt-btn-wrap-0 .kt-button:hover, .wp-block-kadence-advancedbtn.kt-btns129_8295ef-cd .kt-btn-wrap-0 .kt-button:focus{background:#444444;}<\/style>\n<div class=\"wp-block-kadence-advancedbtn kb-buttons-wrap kb-btns129_8295ef-cd\"><style>ul.menu .wp-block-kadence-advancedbtn .kb-btn129_6b557d-74.kb-button{width:initial;}.wp-block-kadence-advancedbtn .kb-btn129_6b557d-74.kb-button{color:var(--base-3);background:#282827;box-shadow:2px 2px 2px 2px var(--contrast-3);}.wp-block-kadence-advancedbtn .kb-btn129_6b557d-74.kb-button:hover, .wp-block-kadence-advancedbtn .kb-btn129_6b557d-74.kb-button:focus{color:var(--base-3);background:#282827;}<\/style><a class=\"kb-button kt-button button kb-btn129_6b557d-74 kt-btn-size-large kt-btn-width-type-auto kb-btn-global-fill  kt-btn-has-text-true kt-btn-has-svg-true  wp-block-kadence-singlebtn\" href=\"https:\/\/www.headout.com\/r\/hop-on-hop-off-busrecommends-CiZLE\/\" target=\"_blank\" rel=\"noreferrer noopener nofollow sponsored\"><span class=\"kb-svg-icon-wrap kb-svg-icon-fe_shoppingCart kt-btn-icon-side-left\"><svg viewbox=\"0 0 24 24\"  fill=\"none\" stroke=\"currentColor\" stroke-width=\"2\" stroke-linecap=\"round\" stroke-linejoin=\"round\" xmlns=\"http:\/\/www.w3.org\/2000\/svg\"  aria-hidden=\"true\"><circle cx=\"9\" cy=\"21\" r=\"1\"\/><circle cx=\"20\" cy=\"21\" r=\"1\"\/><path d=\"M1 1h4l2.68 13.39a2 2 0 0 0 2 1.61h9.72a2 2 0 0 0 2-1.61L23 6H6\"\/><\/svg><\/span><span class=\"kt-btn-inner-text\">Koop een San Gimignano Pas<\/span><\/a><\/div>\n\n\n<style>.wp-block-kadence-spacer.kt-block-spacer-129_eead48-05 .kt-block-spacer{height:70px;}.wp-block-kadence-spacer.kt-block-spacer-129_eead48-05 .kt-divider{border-top-width:2px;border-top-color:#eee;width:70%;border-top-style:solid;}<\/style>\n<div class=\"wp-block-kadence-spacer aligncenter kt-block-spacer-129_eead48-05\"><div class=\"kt-block-spacer kt-block-spacer-halign-center\"><hr class=\"kt-divider\"\/><\/div><\/div>\n\n\n\n<h2 class=\"wp-block-heading\">Alternatieve tickets voor San Gimignano<\/h2>\n\n\n\n<p>Als de Museumpas geen optie voor je is, raden we je de volgende alternatieven aan:<\/p>\n\n\n<style>.wp-block-kadence-iconlist.kt-svg-icon-list-items129_97b613-77:not(.this-stops-third-party-issues){margin-top:0px;margin-bottom:0px;}.wp-block-kadence-iconlist.kt-svg-icon-list-items129_97b613-77 ul.kt-svg-icon-list:not(.this-prevents-issues):not(.this-stops-third-party-issues):not(.tijsloc){margin-top:0px;margin-right:0px;margin-bottom:var(--global-kb-spacing-sm, 1.5rem);margin-left:0px;}.wp-block-kadence-iconlist.kt-svg-icon-list-items129_97b613-77 ul.kt-svg-icon-list{grid-row-gap:5px;}.wp-block-kadence-iconlist.kt-svg-icon-list-items129_97b613-77 ul.kt-svg-icon-list .kt-svg-icon-list-item-wrap .kt-svg-icon-list-single{margin-right:10px;}.kt-svg-icon-list-items129_97b613-77 ul.kt-svg-icon-list .kt-svg-icon-list-level-0 .kt-svg-icon-list-single svg{font-size:20px;}<\/style>\n<div class=\"wp-block-kadence-iconlist kt-svg-icon-list-items kt-svg-icon-list-items129_97b613-77 kt-svg-icon-list-columns-1 alignnone\"><ul class=\"kt-svg-icon-list\"><style>.kt-svg-icon-list-item-129_70761e-d2 .kt-svg-icon-list-text mark.kt-highlight{background-color:unset;font-style:normal;color:#f76a0c;-webkit-box-decoration-break:clone;box-decoration-break:clone;padding-top:0px;padding-right:0px;padding-bottom:0px;padding-left:0px;}<\/style>\n<li class=\"wp-block-kadence-listitem kt-svg-icon-list-item-wrap kt-svg-icon-list-item-129_70761e-d2\"><span class=\"kb-svg-icon-wrap kb-svg-icon-fe_checkCircle kt-svg-icon-list-single\"><svg viewbox=\"0 0 24 24\"  fill=\"none\" stroke=\"currentColor\" stroke-width=\"2\" stroke-linecap=\"round\" stroke-linejoin=\"round\" xmlns=\"http:\/\/www.w3.org\/2000\/svg\"  aria-hidden=\"true\"><path d=\"M22 11.08V12a10 10 0 1 1-5.93-9.14\"\/><polyline points=\"22 4 12 14.01 9 11.01\"\/><\/svg><\/span><span class=\"kt-svg-icon-list-text\"><a href=\"https:\/\/www.getyourguide.de\/san-gimignano-l527\/san-gimignano-dom-museum-fur-sakrale-kunst-eintrittskarte-t489025\/?partner_id=B0910&amp;cmp=opasipass-ads&amp;mkt_cmp=true\" target=\"_blank\" rel=\"noopener nofollow sponsored\" title=\"\">Toegangskaartje voor de kathedraal<\/a><\/span><\/li>\n\n\n<style>.kt-svg-icon-list-item-129_85cf7e-a9 .kt-svg-icon-list-text mark.kt-highlight{background-color:unset;font-style:normal;color:#f76a0c;-webkit-box-decoration-break:clone;box-decoration-break:clone;padding-top:0px;padding-right:0px;padding-bottom:0px;padding-left:0px;}<\/style>\n<li class=\"wp-block-kadence-listitem kt-svg-icon-list-item-wrap kt-svg-icon-list-item-129_85cf7e-a9\"><span class=\"kb-svg-icon-wrap kb-svg-icon-fe_checkCircle kt-svg-icon-list-single\"><svg viewbox=\"0 0 24 24\"  fill=\"none\" stroke=\"currentColor\" stroke-width=\"2\" stroke-linecap=\"round\" stroke-linejoin=\"round\" xmlns=\"http:\/\/www.w3.org\/2000\/svg\"  aria-hidden=\"true\"><path d=\"M22 11.08V12a10 10 0 1 1-5.93-9.14\"\/><polyline points=\"22 4 12 14.01 9 11.01\"\/><\/svg><\/span><span class=\"kt-svg-icon-list-text\"><a href=\"https:\/\/www.getyourguide.de\/san-gimignano-l527\/san-gimignano-campatelli-haus-und-turm-besuchen-t185775\/?partner_id=B0910&amp;cmp=opasipass-ads&amp;mkt_cmp=true\" target=\"_blank\" rel=\"noopener nofollow sponsored\" title=\"\">Campatelli huis en bezoek aan de toren<\/a><\/span><\/li>\n\n\n<style>.kt-svg-icon-list-item-129_207e80-a9 .kt-svg-icon-list-text mark.kt-highlight{background-color:unset;font-style:normal;color:#f76a0c;-webkit-box-decoration-break:clone;box-decoration-break:clone;padding-top:0px;padding-right:0px;padding-bottom:0px;padding-left:0px;}<\/style>\n<li class=\"wp-block-kadence-listitem kt-svg-icon-list-item-wrap kt-svg-icon-list-item-129_207e80-a9\"><span class=\"kb-svg-icon-wrap kb-svg-icon-fe_checkCircle kt-svg-icon-list-single\"><svg viewbox=\"0 0 24 24\"  fill=\"none\" stroke=\"currentColor\" stroke-width=\"2\" stroke-linecap=\"round\" stroke-linejoin=\"round\" xmlns=\"http:\/\/www.w3.org\/2000\/svg\"  aria-hidden=\"true\"><path d=\"M22 11.08V12a10 10 0 1 1-5.93-9.14\"\/><polyline points=\"22 4 12 14.01 9 11.01\"\/><\/svg><\/span><span class=\"kt-svg-icon-list-text\"><a href=\"https:\/\/www.getyourguide.nl\/san-gimignano-l527\/private-gefuhrte-tour-in-san-gimignano-t181835\/?partner_id=B0910&amp;cmp=san-gimignano-ads&amp;mkt_cmp=true\" target=\"_blank\" rel=\"noopener nofollow sponsored\" title=\"\">Priv\u00e9rondleiding in San Gimignano<\/a><\/span><\/li>\n<\/ul><\/div>\n\n\n\n<p><strong>Tip:<\/strong> <a href=\"https:\/\/www.sangimignanopass.com\/\" target=\"_blank\" rel=\"noopener\" title=\"\">Bezoek SanGimignanoPass.com<\/a>, <a href=\"https:\/\/www.ravennamosaics.com\" target=\"_blank\" rel=\"noopener\" title=\"\">RavennaMosaics.com<\/a> en <a href=\"https:\/\/www.orvietocitypass.com\" target=\"_blank\" rel=\"noopener\" title=\"\">OrvietoCityPass.nl<\/a>!<\/p>\n\n\n\n<p><\/p>","protected":false},"excerpt":{"rendered":"<p>Der offizielle San Gimignano Museum Pass ist eine Eintrittskarte f\u00fcr den Dom sowie f\u00fcr alle st\u00e4dtischen Museen in San Gimignano. Alle Vorteile auf einen Blick Es gibt einige Argumente f\u00fcr den San Gimignano Pass: Alternative Tickets f\u00fcr San Gimignano Falls der Museumspass f\u00fcr Sie nicht infrage kommt, empfehlen wir die folgenden Alternativen: Tipp: Besuche SanGimignanoPass.com, &#8230; <a title=\"San Gimignano pas\" class=\"read-more\" href=\"https:\/\/www.opasipass.com\/nl\/san-gimignano-pass\/\" aria-label=\"Lees meer over San Gimignano Pass\">Lees verder<\/a><\/p>","protected":false},"author":1,"featured_media":0,"parent":0,"menu_order":0,"comment_status":"closed","ping_status":"closed","template":"","meta":{"footnotes":""},"class_list":["post-129","page","type-page","status-publish"],"aioseo_notices":[],"_links":{"self":[{"href":"https:\/\/www.opasipass.com\/nl\/wp-json\/wp\/v2\/pages\/129","targetHints":{"allow":["GET"]}}],"collection":[{"href":"https:\/\/www.opasipass.com\/nl\/wp-json\/wp\/v2\/pages"}],"about":[{"href":"https:\/\/www.opasipass.com\/nl\/wp-json\/wp\/v2\/types\/page"}],"author":[{"embeddable":true,"href":"https:\/\/www.opasipass.com\/nl\/wp-json\/wp\/v2\/users\/1"}],"replies":[{"embeddable":true,"href":"https:\/\/www.opasipass.com\/nl\/wp-json\/wp\/v2\/comments?post=129"}],"version-history":[{"count":8,"href":"https:\/\/www.opasipass.com\/nl\/wp-json\/wp\/v2\/pages\/129\/revisions"}],"predecessor-version":[{"id":266,"href":"https:\/\/www.opasipass.com\/nl\/wp-json\/wp\/v2\/pages\/129\/revisions\/266"}],"wp:attachment":[{"href":"https:\/\/www.opasipass.com\/nl\/wp-json\/wp\/v2\/media?parent=129"}],"curies":[{"name":"wp","href":"https:\/\/api.w.org\/{rel}","templated":true}]}}