{"id":87,"date":"2024-06-14T11:56:11","date_gmt":"2024-06-14T09:56:11","guid":{"rendered":"https:\/\/www.opasipass.com\/?page_id=87"},"modified":"2026-01-22T11:54:51","modified_gmt":"2026-01-22T10:54:51","slug":"orari-di-apertura","status":"publish","type":"page","link":"https:\/\/www.opasipass.com\/it\/oeffnungszeiten\/","title":{"rendered":"Orari di apertura del Duomo di Siena"},"content":{"rendered":"<p>Questi sono gli orari di apertura nel 2026 del Duomo di Siena, del pavimento marmoreo e della Porta del Paradiso:<\/p>\n\n\n\n<h4 class=\"wp-block-heading\"><strong>Cattedrale<\/strong><\/h4>\n\n\n\n<ul class=\"wp-block-list\">\n<li><strong>Dal 7 gennaio al 31 marzo:<\/strong> 10:30 - 17:30 (domenica e festivi: 13:30 - 17:30)<\/li>\n\n\n\n<li><strong>Dal 1\u00b0 aprile al 31 ottobre:<\/strong> 10:00 - 19:00 (domenica e festivi: 13:30 - 18:00)<\/li>\n\n\n\n<li><strong>Dal 1\u00b0 novembre al 24 dicembre:<\/strong> 10:30 - 17:30 (domenica e festivi: 13:30 - 17:30)<\/li>\n\n\n\n<li><strong>Dal 26 dicembre al 6 gennaio:<\/strong> 10:00 - 19:00 (domenica e festivi: 13:30 - 17:30)<\/li>\n<\/ul>\n\n\n\n<h4 class=\"wp-block-heading\"><strong>Pavimento in marmo<\/strong><\/h4>\n\n\n\n<ul class=\"wp-block-list\">\n<li><strong>Scoperto dal 27 giugno al 31 luglio:<\/strong> 10:00 - 19:00 (domenica e festivi: 09:30 - 18:00)<\/li>\n\n\n\n<li><strong>Scoperto dal 18 agosto al 15 ottobre:<\/strong> 10:00 - 19:00 (domenica e festivi: 09:30 - 18:00)<\/li>\n<\/ul>\n\n\n\n<h4 class=\"wp-block-heading\"><strong>La porta del cielo<\/strong><\/h4>\n\n\n\n<ul class=\"wp-block-list\">\n<li><strong>Dal 1\u00b0 marzo al 6 gennaio:<\/strong> Stessi orari di apertura della cattedrale<\/li>\n<\/ul>\n\n\n\n<p>L'ultimo ingresso \u00e8 previsto 30 minuti prima della chiusura.<\/p>\n\n\n\n<p><a href=\"https:\/\/operaduomo.siena.it\/en\/visiting\/\" target=\"_blank\" rel=\"noopener\" title=\"\">Le informazioni attuali sono disponibili qui.<\/a><\/p>","protected":false},"excerpt":{"rendered":"<p>Das sind die \u00d6ffnungszeiten im Jahr 2026 f\u00fcr die Kathedrale von Siena, den Marmorfu\u00dfboden und die Himmelspforte: Kathedrale Marmorfu\u00dfboden Himmelspforte Der letzte Einlass ist 30 Minuten vor der Schlie\u00dfung m\u00f6glich. Aktuelle Informationen finden Sie hier.<\/p>","protected":false},"author":1,"featured_media":0,"parent":0,"menu_order":0,"comment_status":"closed","ping_status":"closed","template":"","meta":{"footnotes":""},"class_list":["post-87","page","type-page","status-publish"],"aioseo_notices":[],"_links":{"self":[{"href":"https:\/\/www.opasipass.com\/it\/wp-json\/wp\/v2\/pages\/87","targetHints":{"allow":["GET"]}}],"collection":[{"href":"https:\/\/www.opasipass.com\/it\/wp-json\/wp\/v2\/pages"}],"about":[{"href":"https:\/\/www.opasipass.com\/it\/wp-json\/wp\/v2\/types\/page"}],"author":[{"embeddable":true,"href":"https:\/\/www.opasipass.com\/it\/wp-json\/wp\/v2\/users\/1"}],"replies":[{"embeddable":true,"href":"https:\/\/www.opasipass.com\/it\/wp-json\/wp\/v2\/comments?post=87"}],"version-history":[{"count":6,"href":"https:\/\/www.opasipass.com\/it\/wp-json\/wp\/v2\/pages\/87\/revisions"}],"predecessor-version":[{"id":257,"href":"https:\/\/www.opasipass.com\/it\/wp-json\/wp\/v2\/pages\/87\/revisions\/257"}],"wp:attachment":[{"href":"https:\/\/www.opasipass.com\/it\/wp-json\/wp\/v2\/media?parent=87"}],"curies":[{"name":"wp","href":"https:\/\/api.w.org\/{rel}","templated":true}]}}