{"id":92,"date":"2024-06-14T12:00:12","date_gmt":"2024-06-14T10:00:12","guid":{"rendered":"https:\/\/www.opasipass.com\/?page_id=92"},"modified":"2024-06-14T13:36:40","modified_gmt":"2024-06-14T11:36:40","slug":"arrivee","status":"publish","type":"page","link":"https:\/\/www.opasipass.com\/fr\/anreise\/","title":{"rendered":"Se rendre \u00e0 la cath\u00e9drale de Sienne"},"content":{"rendered":"<p>Sur cette page, vous trouverez des informations utiles pour vous rendre \u00e0 la cath\u00e9drale de Sienne.<\/p>\n\n\n\n<h4 class=\"wp-block-heading\"><strong>Adresse<\/strong><\/h4>\n\n\n\n<p>Piazza del Duomo, 8, 53100 Siena SI, Italie<\/p>\n\n\n\n<h4 class=\"wp-block-heading\"><strong>Avec les transports publics<\/strong><\/h4>\n\n\n\n<ul class=\"wp-block-list\">\n<li><strong>Train :<\/strong> La gare la plus proche est Siena FS, \u00e0 environ 15 minutes \u00e0 pied ou 5 minutes en bus.<\/li>\n\n\n\n<li><strong>Bus :<\/strong> Liaisons de bus fr\u00e9quentes. Les arr\u00eats les plus proches sont Angolo Via Delle Terme et Piazza Postierla. Certains bus s'arr\u00eatent juste devant la cath\u00e9drale.<\/li>\n<\/ul>\n\n\n\n<h4 class=\"wp-block-heading\"><strong>En voiture<\/strong><\/h4>\n\n\n\n<ul class=\"wp-block-list\">\n<li>Le centre historique est interdit aux voitures, il est donc recommand\u00e9 de se garer \u00e0 l'ext\u00e9rieur.<\/li>\n\n\n\n<li>Possibilit\u00e9s de parking : Parcheggio Il Duomo (11 minutes \u00e0 pied), Parcheggio Il Campo (8 minutes \u00e0 pied).<\/li>\n\n\n\n<li>Vous pouvez \u00e9galement arriver en taxi.<\/li>\n<\/ul>","protected":false},"excerpt":{"rendered":"<p>Sur cette page, vous trouverez des informations utiles pour vous rendre \u00e0 la cath\u00e9drale de Sienne. Adresse Piazza del Duomo, 8, 53100 Siena SI, Italie En transport en commun En voiture<\/p>","protected":false},"author":1,"featured_media":0,"parent":0,"menu_order":0,"comment_status":"closed","ping_status":"closed","template":"","meta":{"footnotes":""},"class_list":["post-92","page","type-page","status-publish"],"aioseo_notices":[],"_links":{"self":[{"href":"https:\/\/www.opasipass.com\/fr\/wp-json\/wp\/v2\/pages\/92","targetHints":{"allow":["GET"]}}],"collection":[{"href":"https:\/\/www.opasipass.com\/fr\/wp-json\/wp\/v2\/pages"}],"about":[{"href":"https:\/\/www.opasipass.com\/fr\/wp-json\/wp\/v2\/types\/page"}],"author":[{"embeddable":true,"href":"https:\/\/www.opasipass.com\/fr\/wp-json\/wp\/v2\/users\/1"}],"replies":[{"embeddable":true,"href":"https:\/\/www.opasipass.com\/fr\/wp-json\/wp\/v2\/comments?post=92"}],"version-history":[{"count":4,"href":"https:\/\/www.opasipass.com\/fr\/wp-json\/wp\/v2\/pages\/92\/revisions"}],"predecessor-version":[{"id":105,"href":"https:\/\/www.opasipass.com\/fr\/wp-json\/wp\/v2\/pages\/92\/revisions\/105"}],"wp:attachment":[{"href":"https:\/\/www.opasipass.com\/fr\/wp-json\/wp\/v2\/media?parent=92"}],"curies":[{"name":"wp","href":"https:\/\/api.w.org\/{rel}","templated":true}]}}