{"id":99,"date":"2024-06-14T12:09:16","date_gmt":"2024-06-14T10:09:16","guid":{"rendered":"https:\/\/www.opasipass.com\/?page_id=99"},"modified":"2025-01-23T11:18:05","modified_gmt":"2025-01-23T10:18:05","slug":"pongase-en-contacto-con","status":"publish","type":"page","link":"https:\/\/www.opasipass.com\/es\/kontakt\/","title":{"rendered":"Contacto"},"content":{"rendered":"<p>OpaSiPass.com no es un sitio web oficial. Puede ponerse en contacto con el centro de informaci\u00f3n tur\u00edstica de la catedral aqu\u00ed:<\/p>\n\n\n\n<h4 class=\"wp-block-heading\"><strong>Datos de contacto del centro de atenci\u00f3n al cliente<\/strong><\/h4>\n\n\n\n<p>Si tiene alguna pregunta sobre la visita a la catedral, p\u00f3ngase en contacto con el centro de atenci\u00f3n al cliente:<\/p>\n\n\n\n<ul class=\"wp-block-list\">\n<li>Tel: +39 0577 286300<br>Correo electr\u00f3nico:&nbsp;<a href=\"mailto:opasiena@operalaboratori.com\">opasiena@operalaboratori.com<\/a><\/li>\n<\/ul>\n\n\n<style>.wp-block-kadence-spacer.kt-block-spacer-99_cab559-11 .kt-block-spacer{height:60px;}.wp-block-kadence-spacer.kt-block-spacer-99_cab559-11 .kt-divider{border-top-width:1px;height:1px;border-top-color:#eee;width:80%;border-top-style:solid;}<\/style>\n<div class=\"wp-block-kadence-spacer aligncenter kt-block-spacer-99_cab559-11\"><div class=\"kt-block-spacer kt-block-spacer-halign-center\"><hr class=\"kt-divider\"\/><\/div><\/div>\n\n\n\n<h4 class=\"wp-block-heading\"><strong>Datos de contacto GetYourGuide<\/strong><\/h4>\n\n\n\n<p>Si ya ha comprado su billete en GetYourGuide, p\u00f3ngase en contacto con el servicio de atenci\u00f3n al cliente:<\/p>\n\n\n\n<ul class=\"wp-block-list\">\n<li>ConsigueTuGu\u00eda:&nbsp;<a href=\"https:\/\/www.getyourguide.de\/contact\/\" target=\"_blank\" rel=\"noreferrer noopener\">Contacto<\/a><\/li>\n<\/ul>","protected":false},"excerpt":{"rendered":"<p>OpaSiPass.com no es un sitio web oficial. Puede ponerse en contacto con el centro de informaci\u00f3n tur\u00edstica de la catedral aqu\u00ed: Datos de contacto Centro de atenci\u00f3n al cliente Si tiene alguna pregunta sobre la visita a la catedral, p\u00f3ngase en contacto con el Centro de atenci\u00f3n al cliente: Datos de contacto GetYourGuide Si ya ha comprado su entrada en GetYourGuide, p\u00f3ngase en contacto con el servicio de atenci\u00f3n al cliente:<\/p>","protected":false},"author":1,"featured_media":0,"parent":0,"menu_order":0,"comment_status":"closed","ping_status":"closed","template":"","meta":{"footnotes":""},"class_list":["post-99","page","type-page","status-publish"],"aioseo_notices":[],"_links":{"self":[{"href":"https:\/\/www.opasipass.com\/es\/wp-json\/wp\/v2\/pages\/99","targetHints":{"allow":["GET"]}}],"collection":[{"href":"https:\/\/www.opasipass.com\/es\/wp-json\/wp\/v2\/pages"}],"about":[{"href":"https:\/\/www.opasipass.com\/es\/wp-json\/wp\/v2\/types\/page"}],"author":[{"embeddable":true,"href":"https:\/\/www.opasipass.com\/es\/wp-json\/wp\/v2\/users\/1"}],"replies":[{"embeddable":true,"href":"https:\/\/www.opasipass.com\/es\/wp-json\/wp\/v2\/comments?post=99"}],"version-history":[{"count":3,"href":"https:\/\/www.opasipass.com\/es\/wp-json\/wp\/v2\/pages\/99\/revisions"}],"predecessor-version":[{"id":170,"href":"https:\/\/www.opasipass.com\/es\/wp-json\/wp\/v2\/pages\/99\/revisions\/170"}],"wp:attachment":[{"href":"https:\/\/www.opasipass.com\/es\/wp-json\/wp\/v2\/media?parent=99"}],"curies":[{"name":"wp","href":"https:\/\/api.w.org\/{rel}","templated":true}]}}