{"id":87,"date":"2024-06-14T11:56:11","date_gmt":"2024-06-14T09:56:11","guid":{"rendered":"https:\/\/www.opasipass.com\/?page_id=87"},"modified":"2026-01-22T11:54:51","modified_gmt":"2026-01-22T10:54:51","slug":"horario-de-apertura","status":"publish","type":"page","link":"https:\/\/www.opasipass.com\/es\/oeffnungszeiten\/","title":{"rendered":"Horario de apertura de la catedral de Siena"},"content":{"rendered":"<p>Estos son los horarios de apertura en 2026 de la Catedral de Siena, el suelo de m\u00e1rmol y las Puertas del Cielo:<\/p>\n\n\n\n<h4 class=\"wp-block-heading\"><strong>Catedral<\/strong><\/h4>\n\n\n\n<ul class=\"wp-block-list\">\n<li><strong>Del 7 de enero al 31 de marzo:<\/strong> 10:30 - 17:30 (domingos y festivos: 13:30 - 17:30)<\/li>\n\n\n\n<li><strong>Del 1 de abril al 31 de octubre:<\/strong> 10:00 - 19:00 (domingos y festivos: 13:30 - 18:00)<\/li>\n\n\n\n<li><strong>Del 1 de noviembre al 24 de diciembre:<\/strong> 10:30 - 17:30 (domingos y festivos: 13:30 - 17:30)<\/li>\n\n\n\n<li><strong>Del 26 de diciembre al 6 de enero:<\/strong> 10:00 - 19:00 (domingos y festivos: 13:30 - 17:30)<\/li>\n<\/ul>\n\n\n\n<h4 class=\"wp-block-heading\"><strong>Suelo de m\u00e1rmol<\/strong><\/h4>\n\n\n\n<ul class=\"wp-block-list\">\n<li><strong>Descubierta del 27 de junio al 31 de julio:<\/strong> 10:00 - 19:00 (domingos y festivos: 09:30 - 18:00)<\/li>\n\n\n\n<li><strong>Descubierta del 18 de agosto al 15 de octubre:<\/strong> 10:00 - 19:00 (domingos y festivos: 09:30 - 18:00)<\/li>\n<\/ul>\n\n\n\n<h4 class=\"wp-block-heading\"><strong>Puerta del Cielo<\/strong><\/h4>\n\n\n\n<ul class=\"wp-block-list\">\n<li><strong>Del 1 de marzo al 6 de enero:<\/strong> Mismo horario que la catedral<\/li>\n<\/ul>\n\n\n\n<p>La \u00faltima entrada es 30 minutos antes del cierre.<\/p>\n\n\n\n<p><a href=\"https:\/\/operaduomo.siena.it\/en\/visiting\/\" target=\"_blank\" rel=\"noopener\" title=\"\">Encontrar\u00e1 informaci\u00f3n actualizada aqu\u00ed.<\/a><\/p>","protected":false},"excerpt":{"rendered":"<p>Das sind die \u00d6ffnungszeiten im Jahr 2026 f\u00fcr die Kathedrale von Siena, den Marmorfu\u00dfboden und die Himmelspforte: Kathedrale Marmorfu\u00dfboden Himmelspforte Der letzte Einlass ist 30 Minuten vor der Schlie\u00dfung m\u00f6glich. Aktuelle Informationen finden Sie hier.<\/p>","protected":false},"author":1,"featured_media":0,"parent":0,"menu_order":0,"comment_status":"closed","ping_status":"closed","template":"","meta":{"footnotes":""},"class_list":["post-87","page","type-page","status-publish"],"aioseo_notices":[],"_links":{"self":[{"href":"https:\/\/www.opasipass.com\/es\/wp-json\/wp\/v2\/pages\/87","targetHints":{"allow":["GET"]}}],"collection":[{"href":"https:\/\/www.opasipass.com\/es\/wp-json\/wp\/v2\/pages"}],"about":[{"href":"https:\/\/www.opasipass.com\/es\/wp-json\/wp\/v2\/types\/page"}],"author":[{"embeddable":true,"href":"https:\/\/www.opasipass.com\/es\/wp-json\/wp\/v2\/users\/1"}],"replies":[{"embeddable":true,"href":"https:\/\/www.opasipass.com\/es\/wp-json\/wp\/v2\/comments?post=87"}],"version-history":[{"count":6,"href":"https:\/\/www.opasipass.com\/es\/wp-json\/wp\/v2\/pages\/87\/revisions"}],"predecessor-version":[{"id":257,"href":"https:\/\/www.opasipass.com\/es\/wp-json\/wp\/v2\/pages\/87\/revisions\/257"}],"wp:attachment":[{"href":"https:\/\/www.opasipass.com\/es\/wp-json\/wp\/v2\/media?parent=87"}],"curies":[{"name":"wp","href":"https:\/\/api.w.org\/{rel}","templated":true}]}}