{"id":87,"date":"2024-06-14T11:56:11","date_gmt":"2024-06-14T09:56:11","guid":{"rendered":"https:\/\/www.opasipass.com\/?page_id=87"},"modified":"2026-01-22T11:54:51","modified_gmt":"2026-01-22T10:54:51","slug":"opening-hours","status":"publish","type":"page","link":"https:\/\/www.opasipass.com\/en\/oeffnungszeiten\/","title":{"rendered":"Opening hours of Siena Cathedral"},"content":{"rendered":"<p>These are the opening times in 2026 for Siena Cathedral, the marble floor and the Gates of Heaven:<\/p>\n\n\n\n<h4 class=\"wp-block-heading\"><strong>Cathedral<\/strong><\/h4>\n\n\n\n<ul class=\"wp-block-list\">\n<li><strong>7 January to 31 March:<\/strong> 10:30 - 17:30 (Sundays and public holidays: 13:30 - 17:30)<\/li>\n\n\n\n<li><strong>1 April to 31 October:<\/strong> 10:00 - 19:00 (Sundays and public holidays: 13:30 - 18:00)<\/li>\n\n\n\n<li><strong>1 November to 24 December:<\/strong> 10:30 - 17:30 (Sundays and public holidays: 13:30 - 17:30)<\/li>\n\n\n\n<li><strong>26 December to 6 January:<\/strong> 10:00 - 19:00 (Sundays and public holidays: 13:30 - 17:30)<\/li>\n<\/ul>\n\n\n\n<h4 class=\"wp-block-heading\"><strong>Marble floor<\/strong><\/h4>\n\n\n\n<ul class=\"wp-block-list\">\n<li><strong>Uncovered from 27 June to 31 July:<\/strong> 10:00 - 19:00 (Sundays and public holidays: 09:30 - 18:00)<\/li>\n\n\n\n<li><strong>Uncovered from 18 August to 15 October:<\/strong> 10:00 - 19:00 (Sundays and public holidays: 09:30 - 18:00)<\/li>\n<\/ul>\n\n\n\n<h4 class=\"wp-block-heading\"><strong>Heaven's Gate<\/strong><\/h4>\n\n\n\n<ul class=\"wp-block-list\">\n<li><strong>1 March to 6 January:<\/strong> Same opening hours as the cathedral<\/li>\n<\/ul>\n\n\n\n<p>The last admission is 30 minutes before closing time.<\/p>\n\n\n\n<p><a href=\"https:\/\/operaduomo.siena.it\/en\/visiting\/\" target=\"_blank\" rel=\"noopener\" title=\"\">Current information can be found here.<\/a><\/p>","protected":false},"excerpt":{"rendered":"<p>Das sind die \u00d6ffnungszeiten im Jahr 2026 f\u00fcr die Kathedrale von Siena, den Marmorfu\u00dfboden und die Himmelspforte: Kathedrale Marmorfu\u00dfboden Himmelspforte Der letzte Einlass ist 30 Minuten vor der Schlie\u00dfung m\u00f6glich. Aktuelle Informationen finden Sie hier.<\/p>","protected":false},"author":1,"featured_media":0,"parent":0,"menu_order":0,"comment_status":"closed","ping_status":"closed","template":"","meta":{"footnotes":""},"class_list":["post-87","page","type-page","status-publish"],"aioseo_notices":[],"_links":{"self":[{"href":"https:\/\/www.opasipass.com\/en\/wp-json\/wp\/v2\/pages\/87","targetHints":{"allow":["GET"]}}],"collection":[{"href":"https:\/\/www.opasipass.com\/en\/wp-json\/wp\/v2\/pages"}],"about":[{"href":"https:\/\/www.opasipass.com\/en\/wp-json\/wp\/v2\/types\/page"}],"author":[{"embeddable":true,"href":"https:\/\/www.opasipass.com\/en\/wp-json\/wp\/v2\/users\/1"}],"replies":[{"embeddable":true,"href":"https:\/\/www.opasipass.com\/en\/wp-json\/wp\/v2\/comments?post=87"}],"version-history":[{"count":6,"href":"https:\/\/www.opasipass.com\/en\/wp-json\/wp\/v2\/pages\/87\/revisions"}],"predecessor-version":[{"id":257,"href":"https:\/\/www.opasipass.com\/en\/wp-json\/wp\/v2\/pages\/87\/revisions\/257"}],"wp:attachment":[{"href":"https:\/\/www.opasipass.com\/en\/wp-json\/wp\/v2\/media?parent=87"}],"curies":[{"name":"wp","href":"https:\/\/api.w.org\/{rel}","templated":true}]}}