{"id":92,"date":"2024-06-14T12:00:12","date_gmt":"2024-06-14T10:00:12","guid":{"rendered":"https:\/\/www.opasipass.com\/?page_id=92"},"modified":"2024-06-14T13:36:40","modified_gmt":"2024-06-14T11:36:40","slug":"anreise","status":"publish","type":"page","link":"https:\/\/www.opasipass.com\/de\/anreise\/","title":{"rendered":"Anreise zur Kathedrale von Siena"},"content":{"rendered":"\n<p>Auf dieser Seite finden Sie n\u00fctzliche Informationen zur Anreise zur Kathedrale von Siena.<\/p>\n\n\n\n<h4 class=\"wp-block-heading\"><strong>Adresse<\/strong><\/h4>\n\n\n\n<p>Piazza del Duomo, 8, 53100 Siena SI, Italien<\/p>\n\n\n\n<h4 class=\"wp-block-heading\"><strong>Mit \u00f6ffentlichen Verkehrsmitteln<\/strong><\/h4>\n\n\n\n<ul class=\"wp-block-list\">\n<li><strong>Zug:<\/strong> N\u00e4chstgelegener Bahnhof ist Siena FS, etwa 15 Minuten zu Fu\u00df entfernt oder 5 Minuten mit dem Bus.<\/li>\n\n\n\n<li><strong>Bus:<\/strong> H\u00e4ufige Busverbindungen. N\u00e4chstgelegene Haltestellen sind Angolo Via Delle Terme und Piazza Postierla. Einige Busse halten direkt vor der Kathedrale.<\/li>\n<\/ul>\n\n\n\n<h4 class=\"wp-block-heading\"><strong>Mit dem Auto<\/strong><\/h4>\n\n\n\n<ul class=\"wp-block-list\">\n<li>Das historische Zentrum ist f\u00fcr Autos gesperrt, daher empfiehlt es sich, au\u00dferhalb zu parken.<\/li>\n\n\n\n<li>Parkm\u00f6glichkeiten: Parcheggio Il Duomo (11 Minuten zu Fu\u00df), Parcheggio Il Campo (8 Minuten zu Fu\u00df).<\/li>\n\n\n\n<li>Alternativ k\u00f6nnen Sie mit dem Taxi anreisen.<\/li>\n<\/ul>\n","protected":false},"excerpt":{"rendered":"<p>Auf dieser Seite finden Sie n\u00fctzliche Informationen zur Anreise zur Kathedrale von Siena. Adresse Piazza del Duomo, 8, 53100 Siena SI, Italien Mit \u00f6ffentlichen Verkehrsmitteln Mit dem Auto<\/p>\n","protected":false},"author":1,"featured_media":0,"parent":0,"menu_order":0,"comment_status":"closed","ping_status":"closed","template":"","meta":{"footnotes":""},"class_list":["post-92","page","type-page","status-publish"],"aioseo_notices":[],"_links":{"self":[{"href":"https:\/\/www.opasipass.com\/de\/wp-json\/wp\/v2\/pages\/92","targetHints":{"allow":["GET"]}}],"collection":[{"href":"https:\/\/www.opasipass.com\/de\/wp-json\/wp\/v2\/pages"}],"about":[{"href":"https:\/\/www.opasipass.com\/de\/wp-json\/wp\/v2\/types\/page"}],"author":[{"embeddable":true,"href":"https:\/\/www.opasipass.com\/de\/wp-json\/wp\/v2\/users\/1"}],"replies":[{"embeddable":true,"href":"https:\/\/www.opasipass.com\/de\/wp-json\/wp\/v2\/comments?post=92"}],"version-history":[{"count":4,"href":"https:\/\/www.opasipass.com\/de\/wp-json\/wp\/v2\/pages\/92\/revisions"}],"predecessor-version":[{"id":105,"href":"https:\/\/www.opasipass.com\/de\/wp-json\/wp\/v2\/pages\/92\/revisions\/105"}],"wp:attachment":[{"href":"https:\/\/www.opasipass.com\/de\/wp-json\/wp\/v2\/media?parent=92"}],"curies":[{"name":"wp","href":"https:\/\/api.w.org\/{rel}","templated":true}]}}