{"id":87,"date":"2024-06-14T11:56:11","date_gmt":"2024-06-14T09:56:11","guid":{"rendered":"https:\/\/www.opasipass.com\/?page_id=87"},"modified":"2026-01-22T11:54:51","modified_gmt":"2026-01-22T10:54:51","slug":"oeffnungszeiten","status":"publish","type":"page","link":"https:\/\/www.opasipass.com\/de\/oeffnungszeiten\/","title":{"rendered":"\u00d6ffnungszeiten der Kathedrale von Siena"},"content":{"rendered":"\n<p>Das sind die \u00d6ffnungszeiten im Jahr 2026 f\u00fcr die Kathedrale von Siena, den Marmorfu\u00dfboden und die Himmelspforte:<\/p>\n\n\n\n<h4 class=\"wp-block-heading\"><strong>Kathedrale<\/strong><\/h4>\n\n\n\n<ul class=\"wp-block-list\">\n<li><strong>7. Januar bis 31. M\u00e4rz:<\/strong> 10:30 &#8211; 17:30 (Sonn- und Feiertage: 13:30 &#8211; 17:30 Uhr)<\/li>\n\n\n\n<li><strong>1. April bis 31. Oktober:<\/strong> 10:00 &#8211; 19:00 Uhr (Sonn- und Feiertage: 13:30 &#8211; 18:00 Uhr)<\/li>\n\n\n\n<li><strong>1. November bis 24. Dezember:<\/strong> 10:30 &#8211; 17:30 Uhr (Sonn- und Feiertage: 13:30 &#8211; 17:30 Uhr)<\/li>\n\n\n\n<li><strong>26. Dezember bis 6. Januar:<\/strong> 10:00 &#8211; 19:00 Uhr (Sonn- und Feiertage: 13:30 &#8211; 17:30 Uhr)<\/li>\n<\/ul>\n\n\n\n<h4 class=\"wp-block-heading\"><strong>Marmorfu\u00dfboden<\/strong><\/h4>\n\n\n\n<ul class=\"wp-block-list\">\n<li><strong>Unbedeckt vom 27. Juni bis 31. Juli:<\/strong> 10:00 &#8211; 19:00 Uhr (Sonn- und Feiertage: 09:30 &#8211; 18:00 Uhr)<\/li>\n\n\n\n<li><strong>Unbedeckt vom 18. August bis 15. Oktober:<\/strong> 10:00 &#8211; 19:00 Uhr (Sonn- und Feiertage: 09:30 &#8211; 18:00 Uhr)<\/li>\n<\/ul>\n\n\n\n<h4 class=\"wp-block-heading\"><strong>Himmelspforte<\/strong><\/h4>\n\n\n\n<ul class=\"wp-block-list\">\n<li><strong>1. M\u00e4rz bis 6. Januar:<\/strong> Gleiche \u00d6ffnungszeiten wie die Kathedrale<\/li>\n<\/ul>\n\n\n\n<p>Der letzte Einlass ist 30 Minuten vor der Schlie\u00dfung m\u00f6glich.<\/p>\n\n\n\n<p><a href=\"https:\/\/operaduomo.siena.it\/en\/visiting\/\" target=\"_blank\" rel=\"noopener\" title=\"\">Aktuelle Informationen finden Sie hier.<\/a><\/p>\n","protected":false},"excerpt":{"rendered":"<p>Das sind die \u00d6ffnungszeiten im Jahr 2026 f\u00fcr die Kathedrale von Siena, den Marmorfu\u00dfboden und die Himmelspforte: Kathedrale Marmorfu\u00dfboden Himmelspforte Der letzte Einlass ist 30 Minuten vor der Schlie\u00dfung m\u00f6glich. Aktuelle Informationen finden Sie hier.<\/p>\n","protected":false},"author":1,"featured_media":0,"parent":0,"menu_order":0,"comment_status":"closed","ping_status":"closed","template":"","meta":{"footnotes":""},"class_list":["post-87","page","type-page","status-publish"],"aioseo_notices":[],"_links":{"self":[{"href":"https:\/\/www.opasipass.com\/de\/wp-json\/wp\/v2\/pages\/87","targetHints":{"allow":["GET"]}}],"collection":[{"href":"https:\/\/www.opasipass.com\/de\/wp-json\/wp\/v2\/pages"}],"about":[{"href":"https:\/\/www.opasipass.com\/de\/wp-json\/wp\/v2\/types\/page"}],"author":[{"embeddable":true,"href":"https:\/\/www.opasipass.com\/de\/wp-json\/wp\/v2\/users\/1"}],"replies":[{"embeddable":true,"href":"https:\/\/www.opasipass.com\/de\/wp-json\/wp\/v2\/comments?post=87"}],"version-history":[{"count":6,"href":"https:\/\/www.opasipass.com\/de\/wp-json\/wp\/v2\/pages\/87\/revisions"}],"predecessor-version":[{"id":257,"href":"https:\/\/www.opasipass.com\/de\/wp-json\/wp\/v2\/pages\/87\/revisions\/257"}],"wp:attachment":[{"href":"https:\/\/www.opasipass.com\/de\/wp-json\/wp\/v2\/media?parent=87"}],"curies":[{"name":"wp","href":"https:\/\/api.w.org\/{rel}","templated":true}]}}